{"id":7,"date":"2019-02-06T10:29:04","date_gmt":"2019-02-06T09:29:04","guid":{"rendered":"http:\/\/chloebazaud.com\/?page_id=7"},"modified":"2025-04-23T14:04:20","modified_gmt":"2025-04-23T12:04:20","slug":"accueil","status":"publish","type":"page","link":"https:\/\/chloebazaud.com\/","title":{"rendered":"Accueil"},"content":{"rendered":"\n<p class=\"has-text-align-center\" style=\"font-size:17px\">Vous souhaitez mettre en images votre projet d\u2019architecture ou d\u2019urbanisme ? <br>Immortaliser votre plus belle prestation sc\u00e9nique ou vos \u00e9v\u00e9nements priv\u00e9s&nbsp;?<br>Votre meilleur profil ou votre chaton favori ?<br><\/p>\n\n\n\n<p class=\"has-text-align-center\" style=\"font-size:17px\">Photographe ind\u00e9pendante depuis 2004, je mets mon exp\u00e9rience au service de vos projets et donne \u00e9galement vie \u00e0 vos id\u00e9es en mati\u00e8re de graphisme,&nbsp; qu\u2019il s\u2019agisse de supports web ou papier. <\/p>\n\n\n\n<h2 class=\"wp-block-heading\"><br><\/h2>\n\n\n\n<p style=\"font-size:17px\"><strong>Mon parcours\u2026<\/strong><\/p>\n\n\n\n<p style=\"font-size:17px\">En 2004, j\u2019obtiens le dipl\u00f4me de l\u2019Ecole Nationale Sup\u00e9rieure Louis Lumi\u00e8re puis ach\u00e8ve mes \u00e9tudes en validant un Master en Histoire de l\u2019Art en 2006.<\/p>\n\n\n\n<p style=\"font-size:17px\">Entre-temps, diverses missions me sont confi\u00e9es par des CAUE (Conseil en Architecture Urbanisme et Environnement), des mairies et des architectes mais \u00e9galement&nbsp; des Parcs Naturels R\u00e9gionaux.<\/p>\n\n\n\n<p style=\"font-size:17px\">A partir de 2006, au fil des rencontres, l\u2019humain commence \u00e0 primer sur le paysage, tant au niveau de la photographie que du graphisme. Mes domaines de pr\u00e9dilection deviennent le th\u00e9\u00e2tre et la musique, qu\u2019il s\u2019agisse de la promotion d\u2019artistes (photos, affiches, flyers, sites web, dossiers de presse) ou du live, notamment pour la presse sp\u00e9cialis\u00e9e (<em>Hard Rock Magazine<\/em>, <em>Rock Hard Gr\u00e8ce<\/em>\u2026).<\/p>\n\n\n\n<p style=\"font-size:17px\">Je r\u00e9alise \u00e9galement des portraits professionnels (<em>books<\/em>, contenus web) ou priv\u00e9s (r\u00e9seaux sociaux, enfants, animaux\u2026). <\/p>\n\n\n\n<p style=\"font-size:17px\">Je poursuis en parall\u00e8le ma pratique des reconductions photographiques. Celles-ci consistent \u00e0 prendre exactement la m\u00eame photographie \u00e0 divers intervalles de temps. Ces travaux donnent mati\u00e8re au recueil <em>Retour \u00e0 Montpellier<\/em> paru en 2008 aux \u00e9ditions Les Beaux Jours (Parigramme).<\/p>\n\n\n\n<p style=\"font-size:17px\">Depuis quelques temps, je r\u00e9alise des clips musicaux pour des groupes, des musiciens, dans diff\u00e9rentes styles, si vous souhaitez jeter un \u0153il (et une oreille!), rendez-vous sur l\u2019onglet correspondant\u00a0\ud83d\ude09<\/p>\n\n\n\n<p style=\"font-size:17px\">Et parce que photographie ne signifie pas forc\u00e9ment travaux de commande, vous pourrez \u00e9galement d\u00e9couvrir ici quelques unes de mes cr\u00e9ations personnelles.<\/p>\n\n\n\n<p><\/p>\n\n\n\n\n<div class=\"ngg-galleryoverview ngg-slideshow\"\n\tid=\"ngg-slideshow-7fd1d2b038946565a87292866be81131-15425308830\"\n\tdata-gallery-id=\"7fd1d2b038946565a87292866be81131\"\n\tstyle=\"max-width: 750px;\n\t\t\tmax-height: 500px;\n\t\t\tdisplay: none;\">\n\n\t\n\t\t<a href=\"https:\/\/chloebazaud.com\/wp-content\/gallery\/diapo-accueil\/1.jpg\"\n\t\t\ttitle=\"\"\n\t\t\tdata-src=\"https:\/\/chloebazaud.com\/wp-content\/gallery\/diapo-accueil\/1.jpg\"\n\t\t\tdata-thumbnail=\"https:\/\/chloebazaud.com\/wp-content\/gallery\/diapo-accueil\/thumbs\/thumbs_1.jpg\"\n\t\t\tdata-image-id=\"1\"\n\t\t\tdata-title=\"\u00a0\"\n\t\t\tdata-description=\"\"\n\t\t\tclass=\"ngg-simplelightbox\" rel=\"7fd1d2b038946565a87292866be81131\">\n\n\t\t\t<img data-image-id='1'\n\t\t\t\ttitle=\"\"\n\t\t\t\talt=\"\u00a0\"\n\t\t\t\tsrc=\"https:\/\/chloebazaud.com\/wp-content\/gallery\/diapo-accueil\/1.jpg\"\n\t\t\t\tstyle=\"max-height: 480px;\"\/>\n\t\t<\/a>\n\n\t\t\n\t\t<a href=\"https:\/\/chloebazaud.com\/wp-content\/gallery\/diapo-accueil\/DSC_0120-1.JPG\"\n\t\t\ttitle=\"\"\n\t\t\tdata-src=\"https:\/\/chloebazaud.com\/wp-content\/gallery\/diapo-accueil\/DSC_0120-1.JPG\"\n\t\t\tdata-thumbnail=\"https:\/\/chloebazaud.com\/wp-content\/gallery\/diapo-accueil\/thumbs\/thumbs_DSC_0120-1.JPG\"\n\t\t\tdata-image-id=\"506\"\n\t\t\tdata-title=\"\u00a0\"\n\t\t\tdata-description=\"\"\n\t\t\tclass=\"ngg-simplelightbox\" rel=\"7fd1d2b038946565a87292866be81131\">\n\n\t\t\t<img data-image-id='506'\n\t\t\t\ttitle=\"\"\n\t\t\t\talt=\"\u00a0\"\n\t\t\t\tsrc=\"https:\/\/chloebazaud.com\/wp-content\/gallery\/diapo-accueil\/DSC_0120-1.JPG\"\n\t\t\t\tstyle=\"max-height: 480px;\"\/>\n\t\t<\/a>\n\n\t\t\n\t\t<a href=\"https:\/\/chloebazaud.com\/wp-content\/gallery\/diapo-accueil\/4-1.JPG\"\n\t\t\ttitle=\"\"\n\t\t\tdata-src=\"https:\/\/chloebazaud.com\/wp-content\/gallery\/diapo-accueil\/4-1.JPG\"\n\t\t\tdata-thumbnail=\"https:\/\/chloebazaud.com\/wp-content\/gallery\/diapo-accueil\/thumbs\/thumbs_4-1.JPG\"\n\t\t\tdata-image-id=\"22\"\n\t\t\tdata-title=\"\u00a0\"\n\t\t\tdata-description=\"\"\n\t\t\tclass=\"ngg-simplelightbox\" rel=\"7fd1d2b038946565a87292866be81131\">\n\n\t\t\t<img data-image-id='22'\n\t\t\t\ttitle=\"\"\n\t\t\t\talt=\"\u00a0\"\n\t\t\t\tsrc=\"https:\/\/chloebazaud.com\/wp-content\/gallery\/diapo-accueil\/4-1.JPG\"\n\t\t\t\tstyle=\"max-height: 480px;\"\/>\n\t\t<\/a>\n\n\t\t\n\t\t<a href=\"https:\/\/chloebazaud.com\/wp-content\/gallery\/diapo-accueil\/WA-406-1.JPG\"\n\t\t\ttitle=\"\"\n\t\t\tdata-src=\"https:\/\/chloebazaud.com\/wp-content\/gallery\/diapo-accueil\/WA-406-1.JPG\"\n\t\t\tdata-thumbnail=\"https:\/\/chloebazaud.com\/wp-content\/gallery\/diapo-accueil\/thumbs\/thumbs_WA-406-1.JPG\"\n\t\t\tdata-image-id=\"507\"\n\t\t\tdata-title=\"\u00a0\"\n\t\t\tdata-description=\"\"\n\t\t\tclass=\"ngg-simplelightbox\" rel=\"7fd1d2b038946565a87292866be81131\">\n\n\t\t\t<img data-image-id='507'\n\t\t\t\ttitle=\"\"\n\t\t\t\talt=\"\u00a0\"\n\t\t\t\tsrc=\"https:\/\/chloebazaud.com\/wp-content\/gallery\/diapo-accueil\/WA-406-1.JPG\"\n\t\t\t\tstyle=\"max-height: 480px;\"\/>\n\t\t<\/a>\n\n\t\t\n\t\t<a href=\"https:\/\/chloebazaud.com\/wp-content\/gallery\/diapo-accueil\/10-1.jpg\"\n\t\t\ttitle=\"\"\n\t\t\tdata-src=\"https:\/\/chloebazaud.com\/wp-content\/gallery\/diapo-accueil\/10-1.jpg\"\n\t\t\tdata-thumbnail=\"https:\/\/chloebazaud.com\/wp-content\/gallery\/diapo-accueil\/thumbs\/thumbs_10-1.jpg\"\n\t\t\tdata-image-id=\"24\"\n\t\t\tdata-title=\"\u00a0\"\n\t\t\tdata-description=\"\"\n\t\t\tclass=\"ngg-simplelightbox\" rel=\"7fd1d2b038946565a87292866be81131\">\n\n\t\t\t<img data-image-id='24'\n\t\t\t\ttitle=\"\"\n\t\t\t\talt=\"\u00a0\"\n\t\t\t\tsrc=\"https:\/\/chloebazaud.com\/wp-content\/gallery\/diapo-accueil\/10-1.jpg\"\n\t\t\t\tstyle=\"max-height: 480px;\"\/>\n\t\t<\/a>\n\n\t\t\n\t\t<a href=\"https:\/\/chloebazaud.com\/wp-content\/gallery\/diapo-accueil\/DSC1651-1.JPG\"\n\t\t\ttitle=\"\"\n\t\t\tdata-src=\"https:\/\/chloebazaud.com\/wp-content\/gallery\/diapo-accueil\/DSC1651-1.JPG\"\n\t\t\tdata-thumbnail=\"https:\/\/chloebazaud.com\/wp-content\/gallery\/diapo-accueil\/thumbs\/thumbs_DSC1651-1.JPG\"\n\t\t\tdata-image-id=\"504\"\n\t\t\tdata-title=\"\u00a0\"\n\t\t\tdata-description=\"\"\n\t\t\tclass=\"ngg-simplelightbox\" rel=\"7fd1d2b038946565a87292866be81131\">\n\n\t\t\t<img data-image-id='504'\n\t\t\t\ttitle=\"\"\n\t\t\t\talt=\"\u00a0\"\n\t\t\t\tsrc=\"https:\/\/chloebazaud.com\/wp-content\/gallery\/diapo-accueil\/DSC1651-1.JPG\"\n\t\t\t\tstyle=\"max-height: 480px;\"\/>\n\t\t<\/a>\n\n\t\t\n\t\t<a href=\"https:\/\/chloebazaud.com\/wp-content\/gallery\/diapo-accueil\/3-1.jpg\"\n\t\t\ttitle=\"\"\n\t\t\tdata-src=\"https:\/\/chloebazaud.com\/wp-content\/gallery\/diapo-accueil\/3-1.jpg\"\n\t\t\tdata-thumbnail=\"https:\/\/chloebazaud.com\/wp-content\/gallery\/diapo-accueil\/thumbs\/thumbs_3-1.jpg\"\n\t\t\tdata-image-id=\"21\"\n\t\t\tdata-title=\"\u00a0\"\n\t\t\tdata-description=\"\"\n\t\t\tclass=\"ngg-simplelightbox\" rel=\"7fd1d2b038946565a87292866be81131\">\n\n\t\t\t<img data-image-id='21'\n\t\t\t\ttitle=\"\"\n\t\t\t\talt=\"\u00a0\"\n\t\t\t\tsrc=\"https:\/\/chloebazaud.com\/wp-content\/gallery\/diapo-accueil\/3-1.jpg\"\n\t\t\t\tstyle=\"max-height: 480px;\"\/>\n\t\t<\/a>\n\n\t\t\n\t\t<a href=\"https:\/\/chloebazaud.com\/wp-content\/gallery\/diapo-accueil\/image216-bdef.jpg\"\n\t\t\ttitle=\"\"\n\t\t\tdata-src=\"https:\/\/chloebazaud.com\/wp-content\/gallery\/diapo-accueil\/image216-bdef.jpg\"\n\t\t\tdata-thumbnail=\"https:\/\/chloebazaud.com\/wp-content\/gallery\/diapo-accueil\/thumbs\/thumbs_image216-bdef.jpg\"\n\t\t\tdata-image-id=\"19\"\n\t\t\tdata-title=\"\u00a0\"\n\t\t\tdata-description=\"\"\n\t\t\tclass=\"ngg-simplelightbox\" rel=\"7fd1d2b038946565a87292866be81131\">\n\n\t\t\t<img data-image-id='19'\n\t\t\t\ttitle=\"\"\n\t\t\t\talt=\"\u00a0\"\n\t\t\t\tsrc=\"https:\/\/chloebazaud.com\/wp-content\/gallery\/diapo-accueil\/image216-bdef.jpg\"\n\t\t\t\tstyle=\"max-height: 480px;\"\/>\n\t\t<\/a>\n\n\t\t\n\t\t<a href=\"https:\/\/chloebazaud.com\/wp-content\/gallery\/diapo-accueil\/2.jpg\"\n\t\t\ttitle=\"\"\n\t\t\tdata-src=\"https:\/\/chloebazaud.com\/wp-content\/gallery\/diapo-accueil\/2.jpg\"\n\t\t\tdata-thumbnail=\"https:\/\/chloebazaud.com\/wp-content\/gallery\/diapo-accueil\/thumbs\/thumbs_2.jpg\"\n\t\t\tdata-image-id=\"2\"\n\t\t\tdata-title=\"\u00a0\"\n\t\t\tdata-description=\"\"\n\t\t\tclass=\"ngg-simplelightbox\" rel=\"7fd1d2b038946565a87292866be81131\">\n\n\t\t\t<img data-image-id='2'\n\t\t\t\ttitle=\"\"\n\t\t\t\talt=\"\u00a0\"\n\t\t\t\tsrc=\"https:\/\/chloebazaud.com\/wp-content\/gallery\/diapo-accueil\/2.jpg\"\n\t\t\t\tstyle=\"max-height: 480px;\"\/>\n\t\t<\/a>\n\n\t\t\n\t\t<a href=\"https:\/\/chloebazaud.com\/wp-content\/gallery\/diapo-accueil\/19.JPG\"\n\t\t\ttitle=\"\"\n\t\t\tdata-src=\"https:\/\/chloebazaud.com\/wp-content\/gallery\/diapo-accueil\/19.JPG\"\n\t\t\tdata-thumbnail=\"https:\/\/chloebazaud.com\/wp-content\/gallery\/diapo-accueil\/thumbs\/thumbs_19.JPG\"\n\t\t\tdata-image-id=\"18\"\n\t\t\tdata-title=\"\u00a0\"\n\t\t\tdata-description=\"\"\n\t\t\tclass=\"ngg-simplelightbox\" rel=\"7fd1d2b038946565a87292866be81131\">\n\n\t\t\t<img data-image-id='18'\n\t\t\t\ttitle=\"\"\n\t\t\t\talt=\"\u00a0\"\n\t\t\t\tsrc=\"https:\/\/chloebazaud.com\/wp-content\/gallery\/diapo-accueil\/19.JPG\"\n\t\t\t\tstyle=\"max-height: 480px;\"\/>\n\t\t<\/a>\n\n\t\t\n\t\t<a href=\"https:\/\/chloebazaud.com\/wp-content\/gallery\/diapo-accueil\/Dreamcatcher-BOTS.jpg\"\n\t\t\ttitle=\"\"\n\t\t\tdata-src=\"https:\/\/chloebazaud.com\/wp-content\/gallery\/diapo-accueil\/Dreamcatcher-BOTS.jpg\"\n\t\t\tdata-thumbnail=\"https:\/\/chloebazaud.com\/wp-content\/gallery\/diapo-accueil\/thumbs\/thumbs_Dreamcatcher-BOTS.jpg\"\n\t\t\tdata-image-id=\"508\"\n\t\t\tdata-title=\"\u00a0\"\n\t\t\tdata-description=\"\"\n\t\t\tclass=\"ngg-simplelightbox\" rel=\"7fd1d2b038946565a87292866be81131\">\n\n\t\t\t<img data-image-id='508'\n\t\t\t\ttitle=\"\"\n\t\t\t\talt=\"\u00a0\"\n\t\t\t\tsrc=\"https:\/\/chloebazaud.com\/wp-content\/gallery\/diapo-accueil\/Dreamcatcher-BOTS.jpg\"\n\t\t\t\tstyle=\"max-height: 480px;\"\/>\n\t\t<\/a>\n\n\t\t\n\t\t<a href=\"https:\/\/chloebazaud.com\/wp-content\/gallery\/diapo-accueil\/18.jpg\"\n\t\t\ttitle=\"\"\n\t\t\tdata-src=\"https:\/\/chloebazaud.com\/wp-content\/gallery\/diapo-accueil\/18.jpg\"\n\t\t\tdata-thumbnail=\"https:\/\/chloebazaud.com\/wp-content\/gallery\/diapo-accueil\/thumbs\/thumbs_18.jpg\"\n\t\t\tdata-image-id=\"17\"\n\t\t\tdata-title=\"\u00a0\"\n\t\t\tdata-description=\"\"\n\t\t\tclass=\"ngg-simplelightbox\" rel=\"7fd1d2b038946565a87292866be81131\">\n\n\t\t\t<img data-image-id='17'\n\t\t\t\ttitle=\"\"\n\t\t\t\talt=\"\u00a0\"\n\t\t\t\tsrc=\"https:\/\/chloebazaud.com\/wp-content\/gallery\/diapo-accueil\/18.jpg\"\n\t\t\t\tstyle=\"max-height: 480px;\"\/>\n\t\t<\/a>\n\n\t\t\n\t\t<a href=\"https:\/\/chloebazaud.com\/wp-content\/gallery\/diapo-accueil\/14.JPG\"\n\t\t\ttitle=\"\"\n\t\t\tdata-src=\"https:\/\/chloebazaud.com\/wp-content\/gallery\/diapo-accueil\/14.JPG\"\n\t\t\tdata-thumbnail=\"https:\/\/chloebazaud.com\/wp-content\/gallery\/diapo-accueil\/thumbs\/thumbs_14.JPG\"\n\t\t\tdata-image-id=\"13\"\n\t\t\tdata-title=\"\u00a0\"\n\t\t\tdata-description=\"\"\n\t\t\tclass=\"ngg-simplelightbox\" rel=\"7fd1d2b038946565a87292866be81131\">\n\n\t\t\t<img data-image-id='13'\n\t\t\t\ttitle=\"\"\n\t\t\t\talt=\"\u00a0\"\n\t\t\t\tsrc=\"https:\/\/chloebazaud.com\/wp-content\/gallery\/diapo-accueil\/14.JPG\"\n\t\t\t\tstyle=\"max-height: 480px;\"\/>\n\t\t<\/a>\n\n\t\t\n\t\t<a href=\"https:\/\/chloebazaud.com\/wp-content\/gallery\/diapo-accueil\/15-1.jpg\"\n\t\t\ttitle=\"\"\n\t\t\tdata-src=\"https:\/\/chloebazaud.com\/wp-content\/gallery\/diapo-accueil\/15-1.jpg\"\n\t\t\tdata-thumbnail=\"https:\/\/chloebazaud.com\/wp-content\/gallery\/diapo-accueil\/thumbs\/thumbs_15-1.jpg\"\n\t\t\tdata-image-id=\"20\"\n\t\t\tdata-title=\".\"\n\t\t\tdata-description=\"\"\n\t\t\tclass=\"ngg-simplelightbox\" rel=\"7fd1d2b038946565a87292866be81131\">\n\n\t\t\t<img data-image-id='20'\n\t\t\t\ttitle=\"\"\n\t\t\t\talt=\".\"\n\t\t\t\tsrc=\"https:\/\/chloebazaud.com\/wp-content\/gallery\/diapo-accueil\/15-1.jpg\"\n\t\t\t\tstyle=\"max-height: 480px;\"\/>\n\t\t<\/a>\n\n\t\t<\/div>\n\n\n\n\n\n\n<h2 class=\"wp-block-heading\"><\/h2>\n\n\n\n<p class=\"has-text-align-center has-small-font-size\"><em>Toutes les images de ce site sont prot\u00e9g\u00e9es par le Code de la propri\u00e9t\u00e9 intellectuelle.<br> Aucune utilisation n&rsquo;est possible sans l&rsquo;accord de l&rsquo;auteur. <\/em><br><em>\u00a9 Chlo\u00e9 Bazaud, Paris, 2019<\/em><\/p>\n\n\n\n<p><\/p>\n","protected":false},"excerpt":{"rendered":"<p>Vous souhaitez mettre en images votre projet d\u2019architecture ou d\u2019urbanisme ? Immortaliser votre plus belle prestation sc\u00e9nique ou vos \u00e9v\u00e9nements priv\u00e9s&nbsp;?Votre meilleur profil ou votre chaton favori ? Photographe ind\u00e9pendante depuis 2004, je mets mon[&#8230;]<\/p>\n","protected":false},"author":1,"featured_media":0,"parent":0,"menu_order":0,"comment_status":"closed","ping_status":"closed","template":"","meta":{"ngg_post_thumbnail":0,"footnotes":""},"class_list":["post-7","page","type-page","status-publish","hentry"],"_links":{"self":[{"href":"https:\/\/chloebazaud.com\/index.php?rest_route=\/wp\/v2\/pages\/7","targetHints":{"allow":["GET"]}}],"collection":[{"href":"https:\/\/chloebazaud.com\/index.php?rest_route=\/wp\/v2\/pages"}],"about":[{"href":"https:\/\/chloebazaud.com\/index.php?rest_route=\/wp\/v2\/types\/page"}],"author":[{"embeddable":true,"href":"https:\/\/chloebazaud.com\/index.php?rest_route=\/wp\/v2\/users\/1"}],"replies":[{"embeddable":true,"href":"https:\/\/chloebazaud.com\/index.php?rest_route=%2Fwp%2Fv2%2Fcomments&post=7"}],"version-history":[{"count":21,"href":"https:\/\/chloebazaud.com\/index.php?rest_route=\/wp\/v2\/pages\/7\/revisions"}],"predecessor-version":[{"id":822,"href":"https:\/\/chloebazaud.com\/index.php?rest_route=\/wp\/v2\/pages\/7\/revisions\/822"}],"wp:attachment":[{"href":"https:\/\/chloebazaud.com\/index.php?rest_route=%2Fwp%2Fv2%2Fmedia&parent=7"}],"curies":[{"name":"wp","href":"https:\/\/api.w.org\/{rel}","templated":true}]}}